{"id":150,"date":"2021-02-02T16:24:33","date_gmt":"2021-02-02T16:24:33","guid":{"rendered":"https:\/\/www.kyobashi.fr\/?page_id=150"},"modified":"2021-02-03T19:05:03","modified_gmt":"2021-02-03T19:05:03","slug":"a-propos","status":"publish","type":"page","link":"https:\/\/www.kyobashi.fr\/?page_id=150","title":{"rendered":"A propos&#8230;"},"content":{"rendered":"\n<p>Notre chef cuisinier a travaill\u00e9 dans de nombreux restaurants japonais r\u00e9put\u00e9s que ce soit au Japon, aux USA ou en France. Et c\u2019est en France, pays de l\u2019excellence culinaire, qu\u2019il a finalement d\u00e9cid\u00e9 de s\u2019installer, d\u2019ouvrir ses propres restaurants et partager sa passion de la cuisine japonaise.<\/p>\n\n\n\n<p>Ainsi, il vous propose dans ses deux \u00e9tablissements, des plats japonais \u00e0 la port\u00e9e de tous, \u00e0 la fois populaires, traditionnels et gastronomiques.<\/p>\n\n\n\n<p>Sa cuisine est cit\u00e9e dans de nombreux ouvrages tels que \u00ab&nbsp;les 365 choses \u00e0 faire \u00e0 Paris&nbsp;\u00bb, et son \u00e9tablissement, du tr\u00e8s anim\u00e9 quartier d\u2019Oberkampf, a \u00e9t\u00e9 class\u00e9 8i\u00e8me sur les 100 meilleurs restaurants japonais de Paris\u2026<\/p>\n","protected":false},"excerpt":{"rendered":"<p>Notre chef cuisinier a travaill\u00e9 dans de nombreux restaurants japonais r\u00e9put\u00e9s que ce soit au Japon, aux USA ou en [&hellip;]<\/p>\n","protected":false},"author":1,"featured_media":0,"parent":0,"menu_order":0,"comment_status":"closed","ping_status":"closed","template":"","meta":{"footnotes":""},"class_list":["post-150","page","type-page","status-publish","hentry"],"yoast_head":"<!-- This site is optimized with the Yoast SEO plugin v23.9 - https:\/\/yoast.com\/wordpress\/plugins\/seo\/ -->\n<title>A propos... - KYOBASHI<\/title>\n<meta name=\"robots\" content=\"index, follow, max-snippet:-1, max-image-preview:large, max-video-preview:-1\" \/>\n<link rel=\"canonical\" href=\"https:\/\/www.kyobashi.fr\/?page_id=150\" \/>\n<meta property=\"og:locale\" content=\"fr_FR\" \/>\n<meta property=\"og:type\" content=\"article\" \/>\n<meta property=\"og:title\" content=\"A propos... - KYOBASHI\" \/>\n<meta property=\"og:description\" content=\"Notre chef cuisinier a travaill\u00e9 dans de nombreux restaurants japonais r\u00e9put\u00e9s que ce soit au Japon, aux USA ou en [&hellip;]\" \/>\n<meta property=\"og:url\" content=\"https:\/\/www.kyobashi.fr\/?page_id=150\" \/>\n<meta property=\"og:site_name\" content=\"KYOBASHI\" \/>\n<meta property=\"article:modified_time\" content=\"2021-02-03T19:05:03+00:00\" \/>\n<meta name=\"twitter:card\" content=\"summary_large_image\" \/>\n<meta name=\"twitter:label1\" content=\"Dur\u00e9e de lecture estim\u00e9e\" \/>\n\t<meta name=\"twitter:data1\" content=\"1 minute\" \/>\n<script type=\"application\/ld+json\" class=\"yoast-schema-graph\">{\"@context\":\"https:\/\/schema.org\",\"@graph\":[{\"@type\":\"WebPage\",\"@id\":\"https:\/\/www.kyobashi.fr\/?page_id=150\",\"url\":\"https:\/\/www.kyobashi.fr\/?page_id=150\",\"name\":\"A propos... - KYOBASHI\",\"isPartOf\":{\"@id\":\"https:\/\/www.kyobashi.fr\/#website\"},\"datePublished\":\"2021-02-02T16:24:33+00:00\",\"dateModified\":\"2021-02-03T19:05:03+00:00\",\"breadcrumb\":{\"@id\":\"https:\/\/www.kyobashi.fr\/?page_id=150#breadcrumb\"},\"inLanguage\":\"fr-FR\",\"potentialAction\":[{\"@type\":\"ReadAction\",\"target\":[\"https:\/\/www.kyobashi.fr\/?page_id=150\"]}]},{\"@type\":\"BreadcrumbList\",\"@id\":\"https:\/\/www.kyobashi.fr\/?page_id=150#breadcrumb\",\"itemListElement\":[{\"@type\":\"ListItem\",\"position\":1,\"name\":\"Home\",\"item\":\"https:\/\/www.kyobashi.fr\/\"},{\"@type\":\"ListItem\",\"position\":2,\"name\":\"A propos&#8230;\"}]},{\"@type\":\"WebSite\",\"@id\":\"https:\/\/www.kyobashi.fr\/#website\",\"url\":\"https:\/\/www.kyobashi.fr\/\",\"name\":\"KYOBASHI\",\"description\":\"Restaurant traditionnel japonais propose la d\u00e9couvert de l&#039;art culinaire WaSoku du JAPON\",\"potentialAction\":[{\"@type\":\"SearchAction\",\"target\":{\"@type\":\"EntryPoint\",\"urlTemplate\":\"https:\/\/www.kyobashi.fr\/?s={search_term_string}\"},\"query-input\":{\"@type\":\"PropertyValueSpecification\",\"valueRequired\":true,\"valueName\":\"search_term_string\"}}],\"inLanguage\":\"fr-FR\"}]}<\/script>\n<!-- \/ Yoast SEO plugin. -->","yoast_head_json":{"title":"A propos... - KYOBASHI","robots":{"index":"index","follow":"follow","max-snippet":"max-snippet:-1","max-image-preview":"max-image-preview:large","max-video-preview":"max-video-preview:-1"},"canonical":"https:\/\/www.kyobashi.fr\/?page_id=150","og_locale":"fr_FR","og_type":"article","og_title":"A propos... - KYOBASHI","og_description":"Notre chef cuisinier a travaill\u00e9 dans de nombreux restaurants japonais r\u00e9put\u00e9s que ce soit au Japon, aux USA ou en [&hellip;]","og_url":"https:\/\/www.kyobashi.fr\/?page_id=150","og_site_name":"KYOBASHI","article_modified_time":"2021-02-03T19:05:03+00:00","twitter_card":"summary_large_image","twitter_misc":{"Dur\u00e9e de lecture estim\u00e9e":"1 minute"},"schema":{"@context":"https:\/\/schema.org","@graph":[{"@type":"WebPage","@id":"https:\/\/www.kyobashi.fr\/?page_id=150","url":"https:\/\/www.kyobashi.fr\/?page_id=150","name":"A propos... - KYOBASHI","isPartOf":{"@id":"https:\/\/www.kyobashi.fr\/#website"},"datePublished":"2021-02-02T16:24:33+00:00","dateModified":"2021-02-03T19:05:03+00:00","breadcrumb":{"@id":"https:\/\/www.kyobashi.fr\/?page_id=150#breadcrumb"},"inLanguage":"fr-FR","potentialAction":[{"@type":"ReadAction","target":["https:\/\/www.kyobashi.fr\/?page_id=150"]}]},{"@type":"BreadcrumbList","@id":"https:\/\/www.kyobashi.fr\/?page_id=150#breadcrumb","itemListElement":[{"@type":"ListItem","position":1,"name":"Home","item":"https:\/\/www.kyobashi.fr\/"},{"@type":"ListItem","position":2,"name":"A propos&#8230;"}]},{"@type":"WebSite","@id":"https:\/\/www.kyobashi.fr\/#website","url":"https:\/\/www.kyobashi.fr\/","name":"KYOBASHI","description":"Restaurant traditionnel japonais propose la d\u00e9couvert de l&#039;art culinaire WaSoku du JAPON","potentialAction":[{"@type":"SearchAction","target":{"@type":"EntryPoint","urlTemplate":"https:\/\/www.kyobashi.fr\/?s={search_term_string}"},"query-input":{"@type":"PropertyValueSpecification","valueRequired":true,"valueName":"search_term_string"}}],"inLanguage":"fr-FR"}]}},"_links":{"self":[{"href":"https:\/\/www.kyobashi.fr\/index.php?rest_route=\/wp\/v2\/pages\/150","targetHints":{"allow":["GET"]}}],"collection":[{"href":"https:\/\/www.kyobashi.fr\/index.php?rest_route=\/wp\/v2\/pages"}],"about":[{"href":"https:\/\/www.kyobashi.fr\/index.php?rest_route=\/wp\/v2\/types\/page"}],"author":[{"embeddable":true,"href":"https:\/\/www.kyobashi.fr\/index.php?rest_route=\/wp\/v2\/users\/1"}],"replies":[{"embeddable":true,"href":"https:\/\/www.kyobashi.fr\/index.php?rest_route=%2Fwp%2Fv2%2Fcomments&post=150"}],"version-history":[{"count":1,"href":"https:\/\/www.kyobashi.fr\/index.php?rest_route=\/wp\/v2\/pages\/150\/revisions"}],"predecessor-version":[{"id":151,"href":"https:\/\/www.kyobashi.fr\/index.php?rest_route=\/wp\/v2\/pages\/150\/revisions\/151"}],"wp:attachment":[{"href":"https:\/\/www.kyobashi.fr\/index.php?rest_route=%2Fwp%2Fv2%2Fmedia&parent=150"}],"curies":[{"name":"wp","href":"https:\/\/api.w.org\/{rel}","templated":true}]}}